{"id":10,"date":"2024-10-18T21:59:44","date_gmt":"2024-10-18T21:59:44","guid":{"rendered":"https:\/\/globalnetbpo.acme-company.co\/?page_id=10"},"modified":"2025-04-25T10:26:43","modified_gmt":"2025-04-25T10:26:43","slug":"home","status":"publish","type":"page","link":"https:\/\/parcial.acme-company.co\/","title":{"rendered":"Home"},"content":{"rendered":"\t\t<div data-elementor-type=\"wp-page\" data-elementor-id=\"10\" class=\"elementor elementor-10\" data-elementor-post-type=\"page\">\n\t\t\t\t<div class=\"elementor-element elementor-element-d1869fa e-con-full e-flex e-con e-parent\" data-id=\"d1869fa\" data-element_type=\"container\" data-settings=\"{&quot;background_background&quot;:&quot;classic&quot;}\">\n\t\t<div class=\"elementor-element elementor-element-74a730b e-con-full decor e-flex e-con e-child\" data-id=\"74a730b\" data-element_type=\"container\" data-settings=\"{&quot;background_background&quot;:&quot;classic&quot;}\">\n\t\t\t\t<div class=\"elementor-element elementor-element-97a2d90 elementor-widget elementor-widget-heading\" data-id=\"97a2d90\" data-element_type=\"widget\" data-widget_type=\"heading.default\">\n\t\t\t\t<div class=\"elementor-widget-container\">\n\t\t\t<h2 class=\"elementor-heading-title elementor-size-default\">Tu aliado en Dise\u00f1o Grafico <\/h2>\t\t<\/div>\n\t\t\t\t<\/div>\n\t\t\t\t<\/div>\n\t\t\t\t<div class=\"elementor-element elementor-element-d4563a0 elementor-widget elementor-widget-heading\" data-id=\"d4563a0\" data-element_type=\"widget\" data-widget_type=\"heading.default\">\n\t\t\t\t<div class=\"elementor-widget-container\">\n\t\t\t<h2 class=\"elementor-heading-title elementor-size-default\">Creative Hub<\/h2>\t\t<\/div>\n\t\t\t\t<\/div>\n\t\t\t\t<div class=\"elementor-element elementor-element-cb2de18 elementor-widget__width-initial elementor-widget elementor-widget-text-editor\" data-id=\"cb2de18\" data-element_type=\"widget\" data-widget_type=\"text-editor.default\">\n\t\t\t\t<div class=\"elementor-widget-container\">\n\t\t\t\t\t\t\t<p>Nuestro objetivo es despertar el inter\u00e9s creativo en ni\u00f1os y ni\u00f1as, brind\u00e1ndoles herramientas para explorar el mundo del dise\u00f1o desde temprana edad, independientemente de sus condiciones tecnol\u00f3gicas.<\/p>\t\t\t\t\t\t<\/div>\n\t\t\t\t<\/div>\n\t\t<div class=\"elementor-element elementor-element-ec40b9c e-flex e-con-boxed e-con e-child\" data-id=\"ec40b9c\" data-element_type=\"container\">\n\t\t\t\t\t<div class=\"e-con-inner\">\n\t\t\t\t<div class=\"elementor-element elementor-element-3214b1b elementor-widget elementor-widget-button\" data-id=\"3214b1b\" data-element_type=\"widget\" data-widget_type=\"button.default\">\n\t\t\t\t<div class=\"elementor-widget-container\">\n\t\t\t\t\t<div class=\"elementor-button-wrapper\">\n\t\t\t<a class=\"elementor-button elementor-button-link elementor-size-sm\" href=\"#Contacto\">\n\t\t\t\t\t\t<span class=\"elementor-button-content-wrapper\">\n\t\t\t\t\t\t\t\t\t<span class=\"elementor-button-text\">Contacto<\/span>\n\t\t\t\t\t<\/span>\n\t\t\t\t\t<\/a>\n\t\t<\/div>\n\t\t\t\t<\/div>\n\t\t\t\t<\/div>\n\t\t\t\t<div class=\"elementor-element elementor-element-b1af2e9 elementor-widget elementor-widget-button\" data-id=\"b1af2e9\" data-element_type=\"widget\" data-widget_type=\"button.default\">\n\t\t\t\t<div class=\"elementor-widget-container\">\n\t\t\t\t\t<div class=\"elementor-button-wrapper\">\n\t\t\t<a class=\"elementor-button elementor-button-link elementor-size-sm\" href=\"https:\/\/heyzine.com\/flip-book\/808f699e0d.html#page\/1\">\n\t\t\t\t\t\t<span class=\"elementor-button-content-wrapper\">\n\t\t\t\t\t\t\t\t\t<span class=\"elementor-button-text\">\u00a1Conoce nuestra cartilla aqu\u00ed!<\/span>\n\t\t\t\t\t<\/span>\n\t\t\t\t\t<\/a>\n\t\t<\/div>\n\t\t\t\t<\/div>\n\t\t\t\t<\/div>\n\t\t\t\t\t<\/div>\n\t\t\t\t<\/div>\n\t\t\t\t<\/div>\n\t\t<div class=\"elementor-element elementor-element-c228176 e-con-full e-flex e-con e-parent\" data-id=\"c228176\" data-element_type=\"container\" data-settings=\"{&quot;background_background&quot;:&quot;classic&quot;}\">\n\t\t<div class=\"elementor-element elementor-element-038c5f5 e-flex e-con-boxed e-con e-child\" data-id=\"038c5f5\" data-element_type=\"container\">\n\t\t\t\t\t<div class=\"e-con-inner\">\n\t\t\t\t<div class=\"elementor-element elementor-element-ff82c01 elementor-widget elementor-widget-heading\" data-id=\"ff82c01\" data-element_type=\"widget\" data-widget_type=\"heading.default\">\n\t\t\t\t<div class=\"elementor-widget-container\">\n\t\t\t<h2 class=\"elementor-heading-title elementor-size-default\">Nuestros Pasos<\/h2>\t\t<\/div>\n\t\t\t\t<\/div>\n\t\t\t\t\t<\/div>\n\t\t\t\t<\/div>\n\t\t<div class=\"elementor-element elementor-element-ccbf94c e-con-full e-flex e-con e-child\" data-id=\"ccbf94c\" data-element_type=\"container\" data-settings=\"{&quot;background_background&quot;:&quot;classic&quot;,&quot;sticky&quot;:&quot;top&quot;,&quot;sticky_offset&quot;:150,&quot;sticky_parent&quot;:&quot;yes&quot;,&quot;sticky_on&quot;:[&quot;desktop&quot;,&quot;tablet&quot;,&quot;mobile&quot;],&quot;sticky_effects_offset&quot;:0}\">\n\t\t<div class=\"elementor-element elementor-element-66d3edd e-con-full e-flex e-con e-child\" data-id=\"66d3edd\" data-element_type=\"container\">\n\t\t\t\t<div class=\"elementor-element elementor-element-e41f2cc elementor-widget elementor-widget-heading\" data-id=\"e41f2cc\" data-element_type=\"widget\" data-widget_type=\"heading.default\">\n\t\t\t\t<div class=\"elementor-widget-container\">\n\t\t\t<h2 class=\"elementor-heading-title elementor-size-default\"> 1. Capta: Despertar la curiosidad<\/h2>\t\t<\/div>\n\t\t\t\t<\/div>\n\t\t\t\t<div class=\"elementor-element elementor-element-ec4106d elementor-widget elementor-widget-text-editor\" data-id=\"ec4106d\" data-element_type=\"widget\" data-widget_type=\"text-editor.default\">\n\t\t\t\t<div class=\"elementor-widget-container\">\n\t\t\t\t\t\t\t<p><span class=\"relative -mx-px my-[-0.2rem] rounded px-px py-[0.2rem] transition-colors duration-100 ease-in-out\">En esta primera etapa, buscamos captar la atenci\u00f3n de los estudiantes mediante actividades l\u00fadicas y visuales que introducen los conceptos b\u00e1sicos del dise\u00f1o gr\u00e1fico.<\/span> <span class=\"relative -mx-px my-[-0.2rem] rounded px-px py-[0.2rem] transition-colors duration-100 ease-in-out\">El objetivo es despertar su curiosidad y motivarlos a explorar el mundo del dise\u00f1o, sentando las bases para un aprendizaje significativo.<\/span><\/p>\t\t\t\t\t\t<\/div>\n\t\t\t\t<\/div>\n\t\t\t\t<\/div>\n\t\t<div class=\"elementor-element elementor-element-4cb319a e-con-full e-flex e-con e-child\" data-id=\"4cb319a\" data-element_type=\"container\">\n\t\t\t\t<div class=\"elementor-element elementor-element-03243ec elementor-widget elementor-widget-image\" data-id=\"03243ec\" data-element_type=\"widget\" data-widget_type=\"image.default\">\n\t\t\t\t<div class=\"elementor-widget-container\">\n\t\t\t\t\t\t\t\t\t\t\t\t\t<img fetchpriority=\"high\" decoding=\"async\" width=\"800\" height=\"444\" src=\"https:\/\/parcial.acme-company.co\/wp-content\/uploads\/2025\/04\/group-kindergarten-kids-friends-drawing-art-class-outdoors-1024x568.jpg\" class=\"attachment-large size-large wp-image-258\" alt=\"\" srcset=\"https:\/\/parcial.acme-company.co\/wp-content\/uploads\/2025\/04\/group-kindergarten-kids-friends-drawing-art-class-outdoors-1024x568.jpg 1024w, https:\/\/parcial.acme-company.co\/wp-content\/uploads\/2025\/04\/group-kindergarten-kids-friends-drawing-art-class-outdoors-300x166.jpg 300w, https:\/\/parcial.acme-company.co\/wp-content\/uploads\/2025\/04\/group-kindergarten-kids-friends-drawing-art-class-outdoors-768x426.jpg 768w, https:\/\/parcial.acme-company.co\/wp-content\/uploads\/2025\/04\/group-kindergarten-kids-friends-drawing-art-class-outdoors-1536x852.jpg 1536w, https:\/\/parcial.acme-company.co\/wp-content\/uploads\/2025\/04\/group-kindergarten-kids-friends-drawing-art-class-outdoors-2048x1137.jpg 2048w\" sizes=\"(max-width: 800px) 100vw, 800px\" \/>\t\t\t\t\t\t\t\t\t\t\t\t\t<\/div>\n\t\t\t\t<\/div>\n\t\t\t\t<\/div>\n\t\t\t\t<\/div>\n\t\t<div class=\"elementor-element elementor-element-52f0701 e-con-full e-flex e-con e-child\" data-id=\"52f0701\" data-element_type=\"container\" data-settings=\"{&quot;background_background&quot;:&quot;classic&quot;,&quot;sticky&quot;:&quot;top&quot;,&quot;sticky_offset&quot;:200,&quot;sticky_parent&quot;:&quot;yes&quot;,&quot;sticky_on&quot;:[&quot;desktop&quot;,&quot;tablet&quot;,&quot;mobile&quot;],&quot;sticky_effects_offset&quot;:0}\">\n\t\t<div class=\"elementor-element elementor-element-8df2f53 e-con-full e-flex e-con e-child\" data-id=\"8df2f53\" data-element_type=\"container\">\n\t\t\t\t<div class=\"elementor-element elementor-element-c686cc3 elementor-widget elementor-widget-heading\" data-id=\"c686cc3\" data-element_type=\"widget\" data-widget_type=\"heading.default\">\n\t\t\t\t<div class=\"elementor-widget-container\">\n\t\t\t<h2 class=\"elementor-heading-title elementor-size-default\">2. Conecta: Relacionar con su entorno<\/h2>\t\t<\/div>\n\t\t\t\t<\/div>\n\t\t\t\t<div class=\"elementor-element elementor-element-63fcce5 elementor-widget elementor-widget-text-editor\" data-id=\"63fcce5\" data-element_type=\"widget\" data-widget_type=\"text-editor.default\">\n\t\t\t\t<div class=\"elementor-widget-container\">\n\t\t\t\t\t\t\t<p class=\"\" data-start=\"347\" data-end=\"466\"><span class=\"relative -mx-px my-[-0.2rem] rounded px-px py-[0.2rem] transition-colors duration-100 ease-in-out\">Una vez que los estudiantes han mostrado inter\u00e9s, los guiamos a conectar los conceptos aprendidos con su entorno cotidiano.<\/span> <span class=\"relative -mx-px my-[-0.2rem] rounded px-px py-[0.2rem] transition-colors duration-100 ease-in-out\">A trav\u00e9s de ejemplos pr\u00e1cticos y ejercicios contextualizados, fomentamos la comprensi\u00f3n de c\u00f3mo el dise\u00f1o gr\u00e1fico influye en su vida diaria, fortaleciendo su capacidad de an\u00e1lisis y reflexi\u00f3n.<\/span>\u200b<\/p>\t\t\t\t\t\t<\/div>\n\t\t\t\t<\/div>\n\t\t\t\t<\/div>\n\t\t<div class=\"elementor-element elementor-element-ea7ecc9 e-con-full e-flex e-con e-child\" data-id=\"ea7ecc9\" data-element_type=\"container\">\n\t\t\t\t<div class=\"elementor-element elementor-element-8bc65c0 elementor-widget elementor-widget-image\" data-id=\"8bc65c0\" data-element_type=\"widget\" data-widget_type=\"image.default\">\n\t\t\t\t<div class=\"elementor-widget-container\">\n\t\t\t\t\t\t\t\t\t\t\t\t\t<img decoding=\"async\" width=\"800\" height=\"534\" src=\"https:\/\/parcial.acme-company.co\/wp-content\/uploads\/2025\/04\/boy-looking-through-magnifying-glass-his-sister-drawing-book-1024x683.jpg\" class=\"attachment-large size-large wp-image-259\" alt=\"\" srcset=\"https:\/\/parcial.acme-company.co\/wp-content\/uploads\/2025\/04\/boy-looking-through-magnifying-glass-his-sister-drawing-book-1024x683.jpg 1024w, https:\/\/parcial.acme-company.co\/wp-content\/uploads\/2025\/04\/boy-looking-through-magnifying-glass-his-sister-drawing-book-300x200.jpg 300w, https:\/\/parcial.acme-company.co\/wp-content\/uploads\/2025\/04\/boy-looking-through-magnifying-glass-his-sister-drawing-book-768x512.jpg 768w, https:\/\/parcial.acme-company.co\/wp-content\/uploads\/2025\/04\/boy-looking-through-magnifying-glass-his-sister-drawing-book.jpg 1188w\" sizes=\"(max-width: 800px) 100vw, 800px\" \/>\t\t\t\t\t\t\t\t\t\t\t\t\t<\/div>\n\t\t\t\t<\/div>\n\t\t\t\t<\/div>\n\t\t\t\t<\/div>\n\t\t<div class=\"elementor-element elementor-element-03841f6 e-con-full e-flex e-con e-child\" data-id=\"03841f6\" data-element_type=\"container\" data-settings=\"{&quot;background_background&quot;:&quot;classic&quot;,&quot;sticky&quot;:&quot;top&quot;,&quot;sticky_offset&quot;:250,&quot;sticky_parent&quot;:&quot;yes&quot;,&quot;sticky_on&quot;:[&quot;desktop&quot;,&quot;tablet&quot;,&quot;mobile&quot;],&quot;sticky_effects_offset&quot;:0}\">\n\t\t<div class=\"elementor-element elementor-element-c870ae7 e-con-full e-flex e-con e-child\" data-id=\"c870ae7\" data-element_type=\"container\">\n\t\t\t\t<div class=\"elementor-element elementor-element-2683efd elementor-widget elementor-widget-heading\" data-id=\"2683efd\" data-element_type=\"widget\" data-widget_type=\"heading.default\">\n\t\t\t\t<div class=\"elementor-widget-container\">\n\t\t\t<h2 class=\"elementor-heading-title elementor-size-default\">3. Crea: Expresar su creatividad<\/h2>\t\t<\/div>\n\t\t\t\t<\/div>\n\t\t\t\t<div class=\"elementor-element elementor-element-1d9fbbe elementor-widget elementor-widget-text-editor\" data-id=\"1d9fbbe\" data-element_type=\"widget\" data-widget_type=\"text-editor.default\">\n\t\t\t\t<div class=\"elementor-widget-container\">\n\t\t\t\t\t\t\t<p><span class=\"relative -mx-px my-[-0.2rem] rounded px-px py-[0.2rem] transition-colors duration-100 ease-in-out\">En la etapa final, los estudiantes aplican lo aprendido para crear sus propios proyectos de dise\u00f1o.<\/span> <span class=\"relative -mx-px my-[-0.2rem] rounded px-px py-[0.2rem] transition-colors duration-100 ease-in-out\">Esta fase promueve la expresi\u00f3n individual, el desarrollo de habilidades t\u00e9cnicas y la consolidaci\u00f3n de su inter\u00e9s por el dise\u00f1o gr\u00e1fico, prepar\u00e1ndolos para futuras exploraciones acad\u00e9micas y profesionales.<\/span><\/p>\t\t\t\t\t\t<\/div>\n\t\t\t\t<\/div>\n\t\t\t\t<\/div>\n\t\t<div class=\"elementor-element elementor-element-ede1e5a e-con-full e-flex e-con e-child\" data-id=\"ede1e5a\" data-element_type=\"container\">\n\t\t\t\t<div class=\"elementor-element elementor-element-f3cda80 elementor-widget elementor-widget-image\" data-id=\"f3cda80\" data-element_type=\"widget\" data-widget_type=\"image.default\">\n\t\t\t\t<div class=\"elementor-widget-container\">\n\t\t\t\t\t\t\t\t\t\t\t\t\t<img decoding=\"async\" width=\"800\" height=\"534\" src=\"https:\/\/parcial.acme-company.co\/wp-content\/uploads\/2025\/04\/education-elementary-school-learning-people-concept-group-school-kids-with-pens-papers-writing-classroom-1024x683.jpg\" class=\"attachment-large size-large wp-image-260\" alt=\"\" srcset=\"https:\/\/parcial.acme-company.co\/wp-content\/uploads\/2025\/04\/education-elementary-school-learning-people-concept-group-school-kids-with-pens-papers-writing-classroom-1024x683.jpg 1024w, https:\/\/parcial.acme-company.co\/wp-content\/uploads\/2025\/04\/education-elementary-school-learning-people-concept-group-school-kids-with-pens-papers-writing-classroom-300x200.jpg 300w, https:\/\/parcial.acme-company.co\/wp-content\/uploads\/2025\/04\/education-elementary-school-learning-people-concept-group-school-kids-with-pens-papers-writing-classroom-768x512.jpg 768w, https:\/\/parcial.acme-company.co\/wp-content\/uploads\/2025\/04\/education-elementary-school-learning-people-concept-group-school-kids-with-pens-papers-writing-classroom.jpg 1401w\" sizes=\"(max-width: 800px) 100vw, 800px\" \/>\t\t\t\t\t\t\t\t\t\t\t\t\t<\/div>\n\t\t\t\t<\/div>\n\t\t\t\t<\/div>\n\t\t\t\t<\/div>\n\t\t\t\t<\/div>\n\t\t<div class=\"elementor-element elementor-element-6493c0b e-con-full e-flex e-con e-parent\" data-id=\"6493c0b\" data-element_type=\"container\" id=\"Contacto\" data-settings=\"{&quot;background_background&quot;:&quot;classic&quot;}\">\n\t\t<div class=\"elementor-element elementor-element-ede1a05 e-con-full decor e-flex e-con e-child\" data-id=\"ede1a05\" data-element_type=\"container\" data-settings=\"{&quot;background_background&quot;:&quot;classic&quot;}\">\n\t\t\t\t<div class=\"elementor-element elementor-element-168ca52 elementor-widget elementor-widget-heading\" data-id=\"168ca52\" data-element_type=\"widget\" data-widget_type=\"heading.default\">\n\t\t\t\t<div class=\"elementor-widget-container\">\n\t\t\t<h2 class=\"elementor-heading-title elementor-size-default\">Cont\u00e1ctanos<\/h2>\t\t<\/div>\n\t\t\t\t<\/div>\n\t\t\t\t<div class=\"elementor-element elementor-element-ac94618 elementor-widget elementor-widget-image\" data-id=\"ac94618\" data-element_type=\"widget\" data-widget_type=\"image.default\">\n\t\t\t\t<div class=\"elementor-widget-container\">\n\t\t\t\t\t\t\t\t\t\t\t\t\t<img loading=\"lazy\" decoding=\"async\" width=\"800\" height=\"534\" src=\"https:\/\/parcial.acme-company.co\/wp-content\/uploads\/2024\/12\/61319.jpg\" class=\"attachment-large size-large wp-image-126\" alt=\"\" srcset=\"https:\/\/parcial.acme-company.co\/wp-content\/uploads\/2024\/12\/61319.jpg 1000w, https:\/\/parcial.acme-company.co\/wp-content\/uploads\/2024\/12\/61319-300x200.jpg 300w, https:\/\/parcial.acme-company.co\/wp-content\/uploads\/2024\/12\/61319-768x512.jpg 768w\" sizes=\"(max-width: 800px) 100vw, 800px\" \/>\t\t\t\t\t\t\t\t\t\t\t\t\t<\/div>\n\t\t\t\t<\/div>\n\t\t\t\t<div class=\"elementor-element elementor-element-4de435c elementor-widget elementor-widget-text-editor\" data-id=\"4de435c\" data-element_type=\"widget\" data-widget_type=\"text-editor.default\">\n\t\t\t\t<div class=\"elementor-widget-container\">\n\t\t\t\t\t\t\t<p>\u00bfEres docente, instituci\u00f3n educativa o aliado interesado en implementar la cartilla educativa de <strong data-start=\"384\" data-end=\"400\">Creative Hub<\/strong>?<br \/><!-- notionvc: 669bfc81-17d8-4913-ad93-e4fdff7d4a55 --><\/p>\t\t\t\t\t\t<\/div>\n\t\t\t\t<\/div>\n\t\t\t\t<div class=\"elementor-element elementor-element-c0b7eef elementor-align-center elementor-widget elementor-widget-button\" data-id=\"c0b7eef\" data-element_type=\"widget\" data-widget_type=\"button.default\">\n\t\t\t\t<div class=\"elementor-widget-container\">\n\t\t\t\t\t<div class=\"elementor-button-wrapper\">\n\t\t\t<a class=\"elementor-button elementor-button-link elementor-size-sm\" href=\"https:\/\/api.whatsapp.com\/send?phone=573136059314&#038;text=Hola!%2C%20quiero%20contactar%20con%20Creative%20Hub%20para%20mi%20instituci%C3%B3n%20educatica!\">\n\t\t\t\t\t\t<span class=\"elementor-button-content-wrapper\">\n\t\t\t\t\t\t\t\t\t<span class=\"elementor-button-text\">\u00a1Contactanos!<\/span>\n\t\t\t\t\t<\/span>\n\t\t\t\t\t<\/a>\n\t\t<\/div>\n\t\t\t\t<\/div>\n\t\t\t\t<\/div>\n\t\t\t\t<\/div>\n\t\t\t\t<\/div>\n\t\t\t\t<\/div>\n\t\t","protected":false},"excerpt":{"rendered":"<p>Tu aliado en Dise\u00f1o Grafico Creative Hub Nuestro objetivo es despertar el inter\u00e9s creativo en ni\u00f1os y ni\u00f1as, brind\u00e1ndoles herramientas para explorar el mundo del dise\u00f1o desde temprana edad, independientemente de sus condiciones tecnol\u00f3gicas. Contacto \u00a1Conoce nuestra cartilla aqu\u00ed! Nuestros Pasos 1. Capta: Despertar la curiosidad En esta primera etapa, buscamos captar la atenci\u00f3n de [&hellip;]<\/p>\n","protected":false},"author":2,"featured_media":0,"parent":0,"menu_order":0,"comment_status":"closed","ping_status":"closed","template":"","meta":{"footnotes":""},"class_list":["post-10","page","type-page","status-publish","hentry"],"_links":{"self":[{"href":"https:\/\/parcial.acme-company.co\/index.php?rest_route=\/wp\/v2\/pages\/10","targetHints":{"allow":["GET"]}}],"collection":[{"href":"https:\/\/parcial.acme-company.co\/index.php?rest_route=\/wp\/v2\/pages"}],"about":[{"href":"https:\/\/parcial.acme-company.co\/index.php?rest_route=\/wp\/v2\/types\/page"}],"author":[{"embeddable":true,"href":"https:\/\/parcial.acme-company.co\/index.php?rest_route=\/wp\/v2\/users\/2"}],"replies":[{"embeddable":true,"href":"https:\/\/parcial.acme-company.co\/index.php?rest_route=%2Fwp%2Fv2%2Fcomments&post=10"}],"version-history":[{"count":124,"href":"https:\/\/parcial.acme-company.co\/index.php?rest_route=\/wp\/v2\/pages\/10\/revisions"}],"predecessor-version":[{"id":283,"href":"https:\/\/parcial.acme-company.co\/index.php?rest_route=\/wp\/v2\/pages\/10\/revisions\/283"}],"wp:attachment":[{"href":"https:\/\/parcial.acme-company.co\/index.php?rest_route=%2Fwp%2Fv2%2Fmedia&parent=10"}],"curies":[{"name":"wp","href":"https:\/\/api.w.org\/{rel}","templated":true}]}}